{"id":33,"date":"2020-04-13T11:18:48","date_gmt":"2020-04-13T11:18:48","guid":{"rendered":"http:\/\/ortho.win\/contact"},"modified":"2024-09-29T11:12:18","modified_gmt":"2024-09-29T11:12:18","slug":"kontakt","status":"publish","type":"page","link":"https:\/\/ortho.win\/en\/kontakt","title":{"rendered":"Kontakt"},"content":{"rendered":"<div data-elementor-type=\"wp-page\" data-elementor-id=\"33\" class=\"elementor elementor-33\" data-elementor-settings=\"{&quot;ha_cmc_init_switcher&quot;:&quot;no&quot;}\" data-elementor-post-type=\"page\">\n\t\t\t\t\t\t<section class=\"elementor-section elementor-top-section elementor-element elementor-element-9f78f21 elementor-section-boxed elementor-section-height-default elementor-section-height-default\" data-id=\"9f78f21\" data-element_type=\"section\" data-e-type=\"section\" data-settings=\"{&quot;background_background&quot;:&quot;classic&quot;,&quot;_ha_eqh_enable&quot;:false}\">\n\t\t\t\t\t\t\t<div class=\"elementor-background-overlay\"><\/div>\n\t\t\t\t\t\t\t<div class=\"elementor-container elementor-column-gap-default\">\n\t\t\t\t\t<div class=\"elementor-column elementor-col-100 elementor-top-column elementor-element elementor-element-d35057f\" data-id=\"d35057f\" data-element_type=\"column\" data-e-type=\"column\">\n\t\t\t<div class=\"elementor-widget-wrap elementor-element-populated\">\n\t\t\t\t\t\t<div class=\"elementor-element elementor-element-3d2cd73 elementor-widget elementor-widget-heading\" data-id=\"3d2cd73\" data-element_type=\"widget\" data-e-type=\"widget\" data-widget_type=\"heading.default\">\n\t\t\t\t<div class=\"elementor-widget-container\">\n\t\t\t\t\t<h1 class=\"elementor-heading-title elementor-size-xxl\">Kontakt<\/h1>\t\t\t\t<\/div>\n\t\t\t\t<\/div>\n\t\t\t\t\t<\/div>\n\t\t<\/div>\n\t\t\t\t\t<\/div>\n\t\t<\/section>\n\t\t\t\t<section class=\"elementor-section elementor-top-section elementor-element elementor-element-4gnxcdp elementor-section-boxed elementor-section-height-default elementor-section-height-default\" data-id=\"4gnxcdp\" data-element_type=\"section\" data-e-type=\"section\" data-settings=\"{&quot;background_background&quot;:&quot;classic&quot;,&quot;_ha_eqh_enable&quot;:false}\">\n\t\t\t\t\t\t<div class=\"elementor-container elementor-column-gap-default\">\n\t\t\t\t\t<div class=\"elementor-column elementor-col-100 elementor-top-column elementor-element elementor-element-1dfb88a\" data-id=\"1dfb88a\" data-element_type=\"column\" data-e-type=\"column\">\n\t\t\t<div class=\"elementor-widget-wrap elementor-element-populated\">\n\t\t\t\t\t\t<section class=\"elementor-section elementor-inner-section elementor-element elementor-element-8672813 elementor-section-boxed elementor-section-height-default elementor-section-height-default\" data-id=\"8672813\" data-element_type=\"section\" data-e-type=\"section\" data-settings=\"{&quot;_ha_eqh_enable&quot;:false}\">\n\t\t\t\t\t\t<div class=\"elementor-container elementor-column-gap-default\">\n\t\t\t\t\t<div class=\"elementor-column elementor-col-33 elementor-inner-column elementor-element elementor-element-21ad806\" data-id=\"21ad806\" data-element_type=\"column\" data-e-type=\"column\" data-settings=\"{&quot;background_background&quot;:&quot;classic&quot;}\">\n\t\t\t<div class=\"elementor-widget-wrap elementor-element-populated\">\n\t\t\t\t\t<div class=\"elementor-background-overlay\"><\/div>\n\t\t\t\t\t\t<div class=\"elementor-element elementor-element-74c0dbc elementor-widget elementor-widget-heading\" data-id=\"74c0dbc\" data-element_type=\"widget\" data-e-type=\"widget\" data-widget_type=\"heading.default\">\n\t\t\t\t<div class=\"elementor-widget-container\">\n\t\t\t\t\t<h2 class=\"elementor-heading-title elementor-size-default\">Kontaktinfo<\/h2>\t\t\t\t<\/div>\n\t\t\t\t<\/div>\n\t\t\t\t<div class=\"elementor-element elementor-element-aa0f8c2 elementor-widget elementor-widget-text-editor\" data-id=\"aa0f8c2\" data-element_type=\"widget\" data-e-type=\"widget\" data-widget_type=\"text-editor.default\">\n\t\t\t\t<div class=\"elementor-widget-container\">\n\t\t\t\t\t\t\t\t\t<p>Kontaktieren Sie uns um einen Termin auszumachen.<\/p>\n<p><strong>WinOrtho GmbH<\/strong><br>Technikumstrasse 61<br>CH-8400 Winterthur<\/p>\n<p><span style=\"color: #1a6c7a;\"><strong>Termine nach Vereinbarung<\/strong><\/span><\/p>\n<p><strong>Telefon<\/strong>: 052 544 3010<br><strong>Erreichbarkeit<\/strong>: Montag &#8211; Freitag 9.00 &#8211; 17.00 Uhr<br><strong>E-Mail<\/strong>: winortho@hin.ch<\/p>\t\t\t\t\t\t\t\t<\/div>\n\t\t\t\t<\/div>\n\t\t\t\t\t<\/div>\n\t\t<\/div>\n\t\t\t\t<div class=\"elementor-column elementor-col-33 elementor-inner-column elementor-element elementor-element-150c869\" data-id=\"150c869\" data-element_type=\"column\" data-e-type=\"column\" data-settings=\"{&quot;background_background&quot;:&quot;classic&quot;}\">\n\t\t\t<div class=\"elementor-widget-wrap elementor-element-populated\">\n\t\t\t\t\t<div class=\"elementor-background-overlay\"><\/div>\n\t\t\t\t\t\t<div class=\"elementor-element elementor-element-9ddccae ha-has-bg-overlay elementor-widget elementor-widget-ha-member happy-addon ha-member\" data-id=\"9ddccae\" data-element_type=\"widget\" data-e-type=\"widget\" data-widget_type=\"ha-member.default\">\n\t\t\t\t<div class=\"elementor-widget-container\">\n\t\t\t\t\t\n\t\t\t\t\t<figure class=\"ha-member-figure\">\n\t\t\t\t<img fetchpriority=\"high\" decoding=\"async\" width=\"1024\" height=\"683\" src=\"https:\/\/ortho.win\/wp-content\/uploads\/2023\/10\/Praxis-Wiewiorski-PraxisFotos2944-1024x683.jpg\" class=\"elementor-animation-disable-animation attachment-large size-large wp-image-3482\" alt=\"\" srcset=\"https:\/\/ortho.win\/wp-content\/uploads\/2023\/10\/Praxis-Wiewiorski-PraxisFotos2944-1024x683.jpg 1024w, https:\/\/ortho.win\/wp-content\/uploads\/2023\/10\/Praxis-Wiewiorski-PraxisFotos2944-300x200.jpg 300w, https:\/\/ortho.win\/wp-content\/uploads\/2023\/10\/Praxis-Wiewiorski-PraxisFotos2944-768x512.jpg 768w, https:\/\/ortho.win\/wp-content\/uploads\/2023\/10\/Praxis-Wiewiorski-PraxisFotos2944-1536x1024.jpg 1536w, https:\/\/ortho.win\/wp-content\/uploads\/2023\/10\/Praxis-Wiewiorski-PraxisFotos2944-2048x1366.jpg 2048w, https:\/\/ortho.win\/wp-content\/uploads\/2023\/10\/Praxis-Wiewiorski-PraxisFotos2944-18x12.jpg 18w\" sizes=\"(max-width: 1024px) 100vw, 1024px\" \/>\t\t\t<\/figure>\n\t\t\n\t\t<div class=\"ha-member-body\">\n\t\t\t<h2 class=\"ha-member-name\">Annalisa L\u00fcthi<\/h2>\n\t\t\t\n\t\t\t\t\t\t\t<div class=\"ha-member-bio\">\n\t\t\t\t\t<p>Frau L\u00fcthi steht Ihnen kompetent bei Fragen und Terminw\u00fcnschen zur Verf\u00fcgung.<\/p>\n\t\t\t\t<\/div>\n\t\t\t\n\t\t\t\n\t\t\t\n\t\t\t\t\t<\/div>\n\t\t\t\t\t\t<\/div>\n\t\t\t\t<\/div>\n\t\t\t\t\t<\/div>\n\t\t<\/div>\n\t\t\t\t<div class=\"elementor-column elementor-col-33 elementor-inner-column elementor-element elementor-element-084a399\" data-id=\"084a399\" data-element_type=\"column\" data-e-type=\"column\" data-settings=\"{&quot;background_background&quot;:&quot;classic&quot;}\">\n\t\t\t<div class=\"elementor-widget-wrap\">\n\t\t\t\t\t<div class=\"elementor-background-overlay\"><\/div>\n\t\t\t\t\t\t\t<\/div>\n\t\t<\/div>\n\t\t\t\t\t<\/div>\n\t\t<\/section>\n\t\t\t\t\t<\/div>\n\t\t<\/div>\n\t\t\t\t\t<\/div>\n\t\t<\/section>\n\t\t\t\t<section class=\"elementor-section elementor-top-section elementor-element elementor-element-761682c elementor-section-boxed elementor-section-height-default elementor-section-height-default\" data-id=\"761682c\" data-element_type=\"section\" data-e-type=\"section\" data-settings=\"{&quot;background_background&quot;:&quot;classic&quot;,&quot;_ha_eqh_enable&quot;:false}\">\n\t\t\t\t\t\t<div class=\"elementor-container elementor-column-gap-default\">\n\t\t\t\t\t<div class=\"elementor-column elementor-col-100 elementor-top-column elementor-element elementor-element-2a9128b\" data-id=\"2a9128b\" data-element_type=\"column\" data-e-type=\"column\">\n\t\t\t<div class=\"elementor-widget-wrap elementor-element-populated\">\n\t\t\t\t\t\t<section class=\"elementor-section elementor-inner-section elementor-element elementor-element-b3619fd elementor-section-boxed elementor-section-height-default elementor-section-height-default\" data-id=\"b3619fd\" data-element_type=\"section\" data-e-type=\"section\" data-settings=\"{&quot;_ha_eqh_enable&quot;:false}\">\n\t\t\t\t\t\t<div class=\"elementor-container elementor-column-gap-default\">\n\t\t\t\t\t<div class=\"elementor-column elementor-col-100 elementor-inner-column elementor-element elementor-element-686f47e\" data-id=\"686f47e\" data-element_type=\"column\" data-e-type=\"column\" data-settings=\"{&quot;background_background&quot;:&quot;classic&quot;}\">\n\t\t\t<div class=\"elementor-widget-wrap elementor-element-populated\">\n\t\t\t\t\t<div class=\"elementor-background-overlay\"><\/div>\n\t\t\t\t\t\t<div class=\"elementor-element elementor-element-9b58128 elementor-widget elementor-widget-heading\" data-id=\"9b58128\" data-element_type=\"widget\" data-e-type=\"widget\" data-widget_type=\"heading.default\">\n\t\t\t\t<div class=\"elementor-widget-container\">\n\t\t\t\t\t<h2 class=\"elementor-heading-title elementor-size-default\">Wie Sie uns finden<\/h2>\t\t\t\t<\/div>\n\t\t\t\t<\/div>\n\t\t\t\t<div class=\"elementor-element elementor-element-15d875a elementor-widget elementor-widget-google_maps\" data-id=\"15d875a\" data-element_type=\"widget\" data-e-type=\"widget\" data-widget_type=\"google_maps.default\">\n\t\t\t\t<div class=\"elementor-widget-container\">\n\t\t\t\t\t\t\t<div class=\"elementor-custom-embed\">\n\t\t\t<iframe loading=\"lazy\"\n\t\t\t\t\tsrc=\"https:\/\/maps.google.com\/maps?q=Technikumstrasse%2061%2C%208400%20Winterthur%2C%20Schweiz&#038;t=m&#038;z=16&#038;output=embed&#038;iwloc=near\"\n\t\t\t\t\ttitle=\"Technikumstrasse 61, 8400 Winterthur, Schweiz\"\n\t\t\t\t\taria-label=\"Technikumstrasse 61, 8400 Winterthur, Schweiz\"\n\t\t\t><\/iframe>\n\t\t<\/div>\n\t\t\t\t\t\t<\/div>\n\t\t\t\t<\/div>\n\t\t\t\t\t<\/div>\n\t\t<\/div>\n\t\t\t\t\t<\/div>\n\t\t<\/section>\n\t\t\t\t\t<\/div>\n\t\t<\/div>\n\t\t\t\t\t<\/div>\n\t\t<\/section>\n\t\t\t\t<\/div>","protected":false},"excerpt":{"rendered":"<p>Kontakt Kontaktinfo Kontaktieren Sie uns um einen Termin auszumachen. WinOrtho GmbHTechnikumstrasse 61CH-8400 Winterthur Termine nach Vereinbarung Telefon: 052 544 3010Erreichbarkeit: Montag &#8211; Freitag 9.00 &#8211; 17.00 UhrE-Mail: winortho@hin.ch Annalisa L\u00fcthi Frau L\u00fcthi steht Ihnen kompetent bei Fragen und Terminw\u00fcnschen zur Verf\u00fcgung. Wie Sie uns finden<\/p>","protected":false},"author":5,"featured_media":0,"parent":0,"menu_order":0,"comment_status":"closed","ping_status":"closed","template":"","meta":{"site-sidebar-layout":"no-sidebar","site-content-layout":"page-builder","ast-site-content-layout":"default","site-content-style":"default","site-sidebar-style":"default","ast-global-header-display":"","ast-banner-title-visibility":"","ast-main-header-display":"","ast-hfb-above-header-display":"","ast-hfb-below-header-display":"","ast-hfb-mobile-header-display":"","site-post-title":"disabled","ast-breadcrumbs-content":"","ast-featured-img":"","footer-sml-layout":"","ast-disable-related-posts":"","theme-transparent-header-meta":"enabled","adv-header-id-meta":"","stick-header-meta":"","header-above-stick-meta":"","header-main-stick-meta":"","header-below-stick-meta":"","astra-migrate-meta-layouts":"default","ast-page-background-enabled":"default","ast-page-background-meta":{"desktop":{"background-color":"","background-image":"","background-repeat":"repeat","background-position":"center center","background-size":"auto","background-attachment":"scroll","background-type":"","background-media":"","overlay-type":"","overlay-color":"","overlay-opacity":"","overlay-gradient":""},"tablet":{"background-color":"","background-image":"","background-repeat":"repeat","background-position":"center center","background-size":"auto","background-attachment":"scroll","background-type":"","background-media":"","overlay-type":"","overlay-color":"","overlay-opacity":"","overlay-gradient":""},"mobile":{"background-color":"","background-image":"","background-repeat":"repeat","background-position":"center center","background-size":"auto","background-attachment":"scroll","background-type":"","background-media":"","overlay-type":"","overlay-color":"","overlay-opacity":"","overlay-gradient":""}},"ast-content-background-meta":{"desktop":{"background-color":"var(--ast-global-color-5)","background-image":"","background-repeat":"repeat","background-position":"center center","background-size":"auto","background-attachment":"scroll","background-type":"","background-media":"","overlay-type":"","overlay-color":"","overlay-opacity":"","overlay-gradient":""},"tablet":{"background-color":"var(--ast-global-color-5)","background-image":"","background-repeat":"repeat","background-position":"center center","background-size":"auto","background-attachment":"scroll","background-type":"","background-media":"","overlay-type":"","overlay-color":"","overlay-opacity":"","overlay-gradient":""},"mobile":{"background-color":"var(--ast-global-color-5)","background-image":"","background-repeat":"repeat","background-position":"center center","background-size":"auto","background-attachment":"scroll","background-type":"","background-media":"","overlay-type":"","overlay-color":"","overlay-opacity":"","overlay-gradient":""}},"footnotes":""},"class_list":["post-33","page","type-page","status-publish","hentry"],"yoast_head":"<!-- This site is optimized with the Yoast SEO plugin v26.8 - https:\/\/yoast.com\/product\/yoast-seo-wordpress\/ -->\n<title>Kontakt - WinOrtho<\/title>\n<meta name=\"robots\" content=\"index, follow, max-snippet:-1, max-image-preview:large, max-video-preview:-1\" \/>\n<link rel=\"canonical\" href=\"https:\/\/ortho.win\/en\/kontakt\/\" \/>\n<meta property=\"og:locale\" content=\"en_US\" \/>\n<meta property=\"og:type\" content=\"article\" \/>\n<meta property=\"og:title\" content=\"Kontakt - WinOrtho\" \/>\n<meta property=\"og:description\" content=\"Kontakt Kontaktinfo Kontaktieren Sie uns um einen Termin auszumachen. WinOrtho GmbHTechnikumstrasse 61CH-8400 Winterthur Termine nach Vereinbarung Telefon: 052 544 3010Erreichbarkeit: Montag &#8211; Freitag 9.00 &#8211; 17.00 UhrE-Mail: winortho@hin.ch Annalisa L\u00fcthi Frau L\u00fcthi steht Ihnen kompetent bei Fragen und Terminw\u00fcnschen zur Verf\u00fcgung. Wie Sie uns finden\" \/>\n<meta property=\"og:url\" content=\"https:\/\/ortho.win\/en\/kontakt\/\" \/>\n<meta property=\"og:site_name\" content=\"WinOrtho\" \/>\n<meta property=\"article:modified_time\" content=\"2024-09-29T11:12:18+00:00\" \/>\n<meta property=\"og:image\" content=\"https:\/\/ortho.win\/wp-content\/uploads\/2023\/10\/Praxis-Wiewiorski-PraxisFotos2944-scaled.jpg\" \/>\n\t<meta property=\"og:image:width\" content=\"2560\" \/>\n\t<meta property=\"og:image:height\" content=\"1707\" \/>\n\t<meta property=\"og:image:type\" content=\"image\/jpeg\" \/>\n<meta name=\"twitter:card\" content=\"summary_large_image\" \/>\n<script type=\"application\/ld+json\" class=\"yoast-schema-graph\">{\"@context\":\"https:\/\/schema.org\",\"@graph\":[{\"@type\":\"WebPage\",\"@id\":\"https:\/\/ortho.win\/kontakt\",\"url\":\"https:\/\/ortho.win\/kontakt\",\"name\":\"Kontakt - WinOrtho\",\"isPartOf\":{\"@id\":\"https:\/\/ortho.win\/#website\"},\"primaryImageOfPage\":{\"@id\":\"https:\/\/ortho.win\/kontakt#primaryimage\"},\"image\":{\"@id\":\"https:\/\/ortho.win\/kontakt#primaryimage\"},\"thumbnailUrl\":\"https:\/\/ortho.win\/wp-content\/uploads\/2023\/10\/Praxis-Wiewiorski-PraxisFotos2944-1024x683.jpg\",\"datePublished\":\"2020-04-13T11:18:48+00:00\",\"dateModified\":\"2024-09-29T11:12:18+00:00\",\"breadcrumb\":{\"@id\":\"https:\/\/ortho.win\/kontakt#breadcrumb\"},\"inLanguage\":\"en-US\",\"potentialAction\":[{\"@type\":\"ReadAction\",\"target\":[\"https:\/\/ortho.win\/kontakt\"]}]},{\"@type\":\"ImageObject\",\"inLanguage\":\"en-US\",\"@id\":\"https:\/\/ortho.win\/kontakt#primaryimage\",\"url\":\"https:\/\/ortho.win\/wp-content\/uploads\/2023\/10\/Praxis-Wiewiorski-PraxisFotos2944-1024x683.jpg\",\"contentUrl\":\"https:\/\/ortho.win\/wp-content\/uploads\/2023\/10\/Praxis-Wiewiorski-PraxisFotos2944-1024x683.jpg\"},{\"@type\":\"BreadcrumbList\",\"@id\":\"https:\/\/ortho.win\/kontakt#breadcrumb\",\"itemListElement\":[{\"@type\":\"ListItem\",\"position\":1,\"name\":\"Startseite\",\"item\":\"https:\/\/ortho.win\/\"},{\"@type\":\"ListItem\",\"position\":2,\"name\":\"Kontakt\"}]},{\"@type\":\"WebSite\",\"@id\":\"https:\/\/ortho.win\/#website\",\"url\":\"https:\/\/ortho.win\/\",\"name\":\"WinOrtho\",\"description\":\"ORTHOP\u00c4DIE_SPORTMEDIZIN_REHABILITATION\",\"publisher\":{\"@id\":\"https:\/\/ortho.win\/#organization\"},\"potentialAction\":[{\"@type\":\"SearchAction\",\"target\":{\"@type\":\"EntryPoint\",\"urlTemplate\":\"https:\/\/ortho.win\/?s={search_term_string}\"},\"query-input\":{\"@type\":\"PropertyValueSpecification\",\"valueRequired\":true,\"valueName\":\"search_term_string\"}}],\"inLanguage\":\"en-US\"},{\"@type\":\"Organization\",\"@id\":\"https:\/\/ortho.win\/#organization\",\"name\":\"WinOrtho\",\"url\":\"https:\/\/ortho.win\/\",\"logo\":{\"@type\":\"ImageObject\",\"inLanguage\":\"en-US\",\"@id\":\"https:\/\/ortho.win\/#\/schema\/logo\/image\/\",\"url\":\"https:\/\/ortho.win\/wp-content\/uploads\/2021\/04\/winortho-farbe.png\",\"contentUrl\":\"https:\/\/ortho.win\/wp-content\/uploads\/2021\/04\/winortho-farbe.png\",\"width\":1028,\"height\":370,\"caption\":\"WinOrtho\"},\"image\":{\"@id\":\"https:\/\/ortho.win\/#\/schema\/logo\/image\/\"}}]}<\/script>\n<!-- \/ Yoast SEO plugin. -->","yoast_head_json":{"title":"Kontakt - WinOrtho","robots":{"index":"index","follow":"follow","max-snippet":"max-snippet:-1","max-image-preview":"max-image-preview:large","max-video-preview":"max-video-preview:-1"},"canonical":"https:\/\/ortho.win\/en\/kontakt\/","og_locale":"en_US","og_type":"article","og_title":"Kontakt - WinOrtho","og_description":"Kontakt Kontaktinfo Kontaktieren Sie uns um einen Termin auszumachen. WinOrtho GmbHTechnikumstrasse 61CH-8400 Winterthur Termine nach Vereinbarung Telefon: 052 544 3010Erreichbarkeit: Montag &#8211; Freitag 9.00 &#8211; 17.00 UhrE-Mail: winortho@hin.ch Annalisa L\u00fcthi Frau L\u00fcthi steht Ihnen kompetent bei Fragen und Terminw\u00fcnschen zur Verf\u00fcgung. Wie Sie uns finden","og_url":"https:\/\/ortho.win\/en\/kontakt\/","og_site_name":"WinOrtho","article_modified_time":"2024-09-29T11:12:18+00:00","og_image":[{"width":2560,"height":1707,"url":"https:\/\/ortho.win\/wp-content\/uploads\/2023\/10\/Praxis-Wiewiorski-PraxisFotos2944-scaled.jpg","type":"image\/jpeg"}],"twitter_card":"summary_large_image","schema":{"@context":"https:\/\/schema.org","@graph":[{"@type":"WebPage","@id":"https:\/\/ortho.win\/kontakt","url":"https:\/\/ortho.win\/kontakt","name":"Kontakt - WinOrtho","isPartOf":{"@id":"https:\/\/ortho.win\/#website"},"primaryImageOfPage":{"@id":"https:\/\/ortho.win\/kontakt#primaryimage"},"image":{"@id":"https:\/\/ortho.win\/kontakt#primaryimage"},"thumbnailUrl":"https:\/\/ortho.win\/wp-content\/uploads\/2023\/10\/Praxis-Wiewiorski-PraxisFotos2944-1024x683.jpg","datePublished":"2020-04-13T11:18:48+00:00","dateModified":"2024-09-29T11:12:18+00:00","breadcrumb":{"@id":"https:\/\/ortho.win\/kontakt#breadcrumb"},"inLanguage":"en-US","potentialAction":[{"@type":"ReadAction","target":["https:\/\/ortho.win\/kontakt"]}]},{"@type":"ImageObject","inLanguage":"en-US","@id":"https:\/\/ortho.win\/kontakt#primaryimage","url":"https:\/\/ortho.win\/wp-content\/uploads\/2023\/10\/Praxis-Wiewiorski-PraxisFotos2944-1024x683.jpg","contentUrl":"https:\/\/ortho.win\/wp-content\/uploads\/2023\/10\/Praxis-Wiewiorski-PraxisFotos2944-1024x683.jpg"},{"@type":"BreadcrumbList","@id":"https:\/\/ortho.win\/kontakt#breadcrumb","itemListElement":[{"@type":"ListItem","position":1,"name":"Startseite","item":"https:\/\/ortho.win\/"},{"@type":"ListItem","position":2,"name":"Kontakt"}]},{"@type":"WebSite","@id":"https:\/\/ortho.win\/#website","url":"https:\/\/ortho.win\/","name":"WinOrtho","description":"ORTHOP\u00c4DIE_SPORTMEDIZIN_REHABILITATION","publisher":{"@id":"https:\/\/ortho.win\/#organization"},"potentialAction":[{"@type":"SearchAction","target":{"@type":"EntryPoint","urlTemplate":"https:\/\/ortho.win\/?s={search_term_string}"},"query-input":{"@type":"PropertyValueSpecification","valueRequired":true,"valueName":"search_term_string"}}],"inLanguage":"en-US"},{"@type":"Organization","@id":"https:\/\/ortho.win\/#organization","name":"WinOrtho","url":"https:\/\/ortho.win\/","logo":{"@type":"ImageObject","inLanguage":"en-US","@id":"https:\/\/ortho.win\/#\/schema\/logo\/image\/","url":"https:\/\/ortho.win\/wp-content\/uploads\/2021\/04\/winortho-farbe.png","contentUrl":"https:\/\/ortho.win\/wp-content\/uploads\/2021\/04\/winortho-farbe.png","width":1028,"height":370,"caption":"WinOrtho"},"image":{"@id":"https:\/\/ortho.win\/#\/schema\/logo\/image\/"}}]}},"_links":{"self":[{"href":"https:\/\/ortho.win\/en\/wp-json\/wp\/v2\/pages\/33","targetHints":{"allow":["GET"]}}],"collection":[{"href":"https:\/\/ortho.win\/en\/wp-json\/wp\/v2\/pages"}],"about":[{"href":"https:\/\/ortho.win\/en\/wp-json\/wp\/v2\/types\/page"}],"author":[{"embeddable":true,"href":"https:\/\/ortho.win\/en\/wp-json\/wp\/v2\/users\/5"}],"replies":[{"embeddable":true,"href":"https:\/\/ortho.win\/en\/wp-json\/wp\/v2\/comments?post=33"}],"version-history":[{"count":131,"href":"https:\/\/ortho.win\/en\/wp-json\/wp\/v2\/pages\/33\/revisions"}],"predecessor-version":[{"id":4083,"href":"https:\/\/ortho.win\/en\/wp-json\/wp\/v2\/pages\/33\/revisions\/4083"}],"wp:attachment":[{"href":"https:\/\/ortho.win\/en\/wp-json\/wp\/v2\/media?parent=33"}],"curies":[{"name":"wp","href":"https:\/\/api.w.org\/{rel}","templated":true}]}}